{"id":18,"date":"2025-02-06T07:27:27","date_gmt":"2025-02-06T06:27:27","guid":{"rendered":"https:\/\/www.tc-haiming.at\/?page_id=18"},"modified":"2026-04-07T08:31:56","modified_gmt":"2026-04-07T06:31:56","slug":"haietraining","status":"publish","type":"page","link":"https:\/\/www.tc-haiming.at\/?page_id=18","title":{"rendered":"HAIE &#8211; Training"},"content":{"rendered":"\t\t<div data-elementor-type=\"wp-page\" data-elementor-id=\"18\" class=\"elementor elementor-18\" data-elementor-post-type=\"page\">\n\t\t\t\t<div class=\"elementor-element elementor-element-2a824feb e-flex e-con-boxed e-con e-parent\" data-id=\"2a824feb\" data-element_type=\"container\" data-e-type=\"container\" data-settings=\"{&quot;background_background&quot;:&quot;classic&quot;}\">\n\t\t\t\t\t<div class=\"e-con-inner\">\n\t\t\t\t<div class=\"elementor-element elementor-element-1352791b elementor-widget elementor-widget-heading\" data-id=\"1352791b\" data-element_type=\"widget\" data-e-type=\"widget\" data-widget_type=\"heading.default\">\n\t\t\t\t<div class=\"elementor-widget-container\">\n\t\t\t\t\t<h2 class=\"elementor-heading-title elementor-size-default\">HAIE - Training<\/h2>\t\t\t\t<\/div>\n\t\t\t\t<\/div>\n\t\t\t\t\t<\/div>\n\t\t\t\t<\/div>\n\t\t<div class=\"elementor-element elementor-element-0b92295 e-flex e-con-boxed e-con e-parent\" data-id=\"0b92295\" data-element_type=\"container\" data-e-type=\"container\">\n\t\t\t\t\t<div class=\"e-con-inner\">\n\t\t\t\t<div class=\"elementor-element elementor-element-7752391 elementor-widget elementor-widget-spacer\" data-id=\"7752391\" data-element_type=\"widget\" data-e-type=\"widget\" data-widget_type=\"spacer.default\">\n\t\t\t\t<div class=\"elementor-widget-container\">\n\t\t\t\t\t\t\t<div class=\"elementor-spacer\">\n\t\t\t<div class=\"elementor-spacer-inner\"><\/div>\n\t\t<\/div>\n\t\t\t\t\t\t<\/div>\n\t\t\t\t<\/div>\n\t\t\t\t\t<\/div>\n\t\t\t\t<\/div>\n\t\t<div class=\"elementor-element elementor-element-18afbf3 e-flex e-con-boxed e-con e-parent\" data-id=\"18afbf3\" data-element_type=\"container\" data-e-type=\"container\">\n\t\t\t\t\t<div class=\"e-con-inner\">\n\t\t\t\t<div class=\"elementor-element elementor-element-64275b2 elementor-widget elementor-widget-text-editor\" data-id=\"64275b2\" data-element_type=\"widget\" data-e-type=\"widget\" data-widget_type=\"text-editor.default\">\n\t\t\t\t<div class=\"elementor-widget-container\">\n\t\t\t\t\t\t\t\t\t<h3 class=\"\" data-start=\"148\" data-end=\"196\">Willkommen beim HAIE Trainingsprogramm 2026!<\/h3><p class=\"\" data-start=\"198\" data-end=\"372\">Auch im Jahr 2026 setzen wir unser erfolgreiches HAIE Trainingskonzept f\u00fcr tennisbegeisterte Nachwuchstalente bis 18 Jahre fort \u2013 mit frischem Schwung und bew\u00e4hrter Qualit\u00e4t!<\/p><p class=\"\" data-start=\"374\" data-end=\"653\">In Zusammenarbeit mit der <strong data-start=\"400\" data-end=\"423\">Tennisschule Moitzi<\/strong> bieten wir wieder zwei ma\u00dfgeschneiderte Trainingspakete an. Ziel ist es, Kinder und Jugendliche individuell zu f\u00f6rdern \u2013 ganz gleich, ob sie ihre ersten Schritte auf dem Tennisplatz machen oder bereits ehrgeizige Ziele verfolgen.<\/p><p data-start=\"374\" data-end=\"653\">Der <strong data-start=\"1074\" data-end=\"1088\">TC Haiming<\/strong> unterst\u00fctzt das HAIE Training auch 2026 wieder finanziell \u2013 dadurch k\u00f6nnen wir beide Trainingspakete zu besonders fairen Preisen anbieten und m\u00f6glichst vielen jungen Spieler:innen Zugang zu professionellem Tennistraining erm\u00f6glichen.<\/p>\t\t\t\t\t\t\t\t<\/div>\n\t\t\t\t<\/div>\n\t\t\t\t<div class=\"elementor-element elementor-element-41ee69d elementor-align-center elementor-widget elementor-widget-button\" data-id=\"41ee69d\" data-element_type=\"widget\" data-e-type=\"widget\" data-widget_type=\"button.default\">\n\t\t\t\t<div class=\"elementor-widget-container\">\n\t\t\t\t\t\t\t\t\t<div class=\"elementor-button-wrapper\">\n\t\t\t\t\t<a class=\"elementor-button elementor-button-link elementor-size-sm\" href=\"https:\/\/www.tc-haiming.at\/wp-content\/uploads\/2026\/04\/Anmeldung_Haie_Training_2026V2.pdf\">\n\t\t\t\t\t\t<span class=\"elementor-button-content-wrapper\">\n\t\t\t\t\t\t\t\t\t<span class=\"elementor-button-text\">Download Anmeldeformular<\/span>\n\t\t\t\t\t<\/span>\n\t\t\t\t\t<\/a>\n\t\t\t\t<\/div>\n\t\t\t\t\t\t\t\t<\/div>\n\t\t\t\t<\/div>\n\t\t\t\t\t<\/div>\n\t\t\t\t<\/div>\n\t\t<div class=\"elementor-element elementor-element-91e1543 e-flex e-con-boxed e-con e-parent\" data-id=\"91e1543\" data-element_type=\"container\" data-e-type=\"container\">\n\t\t\t\t\t<div class=\"e-con-inner\">\n\t\t\t\t<div class=\"elementor-element elementor-element-32acae9 elementor-widget elementor-widget-spacer\" data-id=\"32acae9\" data-element_type=\"widget\" data-e-type=\"widget\" data-widget_type=\"spacer.default\">\n\t\t\t\t<div class=\"elementor-widget-container\">\n\t\t\t\t\t\t\t<div class=\"elementor-spacer\">\n\t\t\t<div class=\"elementor-spacer-inner\"><\/div>\n\t\t<\/div>\n\t\t\t\t\t\t<\/div>\n\t\t\t\t<\/div>\n\t\t\t\t\t<\/div>\n\t\t\t\t<\/div>\n\t\t<div class=\"elementor-element elementor-element-4f13bc3 e-flex e-con-boxed e-con e-parent\" data-id=\"4f13bc3\" data-element_type=\"container\" data-e-type=\"container\" data-settings=\"{&quot;background_background&quot;:&quot;classic&quot;}\">\n\t\t\t\t\t<div class=\"e-con-inner\">\n\t\t\t\t<div class=\"elementor-element elementor-element-876683b elementor-widget elementor-widget-spacer\" data-id=\"876683b\" data-element_type=\"widget\" data-e-type=\"widget\" data-widget_type=\"spacer.default\">\n\t\t\t\t<div class=\"elementor-widget-container\">\n\t\t\t\t\t\t\t<div class=\"elementor-spacer\">\n\t\t\t<div class=\"elementor-spacer-inner\"><\/div>\n\t\t<\/div>\n\t\t\t\t\t\t<\/div>\n\t\t\t\t<\/div>\n\t\t\t\t\t<\/div>\n\t\t\t\t<\/div>\n\t\t<div class=\"elementor-element elementor-element-31143fe4 e-con-full e-flex e-con e-parent\" data-id=\"31143fe4\" data-element_type=\"container\" data-e-type=\"container\" data-settings=\"{&quot;background_background&quot;:&quot;classic&quot;}\">\n\t\t<div class=\"elementor-element elementor-element-3c7db285 e-con-full elementor-hidden-mobile e-flex e-con e-child\" data-id=\"3c7db285\" data-element_type=\"container\" data-e-type=\"container\">\n\t\t\t\t<\/div>\n\t\t<div class=\"elementor-element elementor-element-1bbdc1eb e-con-full e-flex e-con e-child\" data-id=\"1bbdc1eb\" data-element_type=\"container\" data-e-type=\"container\" data-settings=\"{&quot;background_background&quot;:&quot;classic&quot;}\">\n\t\t\t\t<div class=\"elementor-element elementor-element-f263550 elementor-widget elementor-widget-image\" data-id=\"f263550\" data-element_type=\"widget\" data-e-type=\"widget\" data-widget_type=\"image.default\">\n\t\t\t\t<div class=\"elementor-widget-container\">\n\t\t\t\t\t\t\t\t\t\t\t\t\t\t\t<img fetchpriority=\"high\" decoding=\"async\" width=\"800\" height=\"600\" src=\"https:\/\/www.tc-haiming.at\/wp-content\/uploads\/2025\/03\/image00002-1024x768.jpeg\" class=\"attachment-large size-large wp-image-982\" alt=\"\" srcset=\"https:\/\/www.tc-haiming.at\/wp-content\/uploads\/2025\/03\/image00002-1024x768.jpeg 1024w, https:\/\/www.tc-haiming.at\/wp-content\/uploads\/2025\/03\/image00002-300x225.jpeg 300w, https:\/\/www.tc-haiming.at\/wp-content\/uploads\/2025\/03\/image00002-768x576.jpeg 768w, https:\/\/www.tc-haiming.at\/wp-content\/uploads\/2025\/03\/image00002-1536x1152.jpeg 1536w, https:\/\/www.tc-haiming.at\/wp-content\/uploads\/2025\/03\/image00002.jpeg 1600w\" sizes=\"(max-width: 800px) 100vw, 800px\" \/>\t\t\t\t\t\t\t\t\t\t\t\t\t\t\t<\/div>\n\t\t\t\t<\/div>\n\t\t\t\t<\/div>\n\t\t<div class=\"elementor-element elementor-element-756e3bf3 e-con-full e-flex e-con e-child\" data-id=\"756e3bf3\" data-element_type=\"container\" data-e-type=\"container\">\n\t\t\t\t<div class=\"elementor-element elementor-element-70b59670 elementor-widget__width-initial elementor-widget elementor-widget-text-editor\" data-id=\"70b59670\" data-element_type=\"widget\" data-e-type=\"widget\" data-widget_type=\"text-editor.default\">\n\t\t\t\t<div class=\"elementor-widget-container\">\n\t\t\t\t\t\t\t\t\t<p class=\"\" data-start=\"694\" data-end=\"730\"><strong data-start=\"694\" data-end=\"728\">\ud83d\udc1f Paket 1: Haie Grundtraining<\/strong><\/p><ul><li style=\"list-style-type: none;\"><ul data-start=\"731\" data-end=\"881\"><li class=\"\" data-start=\"731\" data-end=\"763\"><p class=\"\" data-start=\"733\" data-end=\"763\">18 Einheiten (1 x pro Woche)<\/p><\/li><li class=\"\" data-start=\"764\" data-end=\"820\"><p class=\"\" data-start=\"766\" data-end=\"820\">Professionelles Training mit der Tennisschule Moitzi<\/p><\/li><li class=\"\" data-start=\"821\" data-end=\"846\"><p class=\"\" data-start=\"823\" data-end=\"846\">Preis: <strong>EUR 240,&#8211;<\/strong><\/p><\/li><li class=\"\" data-start=\"847\" data-end=\"881\"><p class=\"\" data-start=\"849\" data-end=\"881\">Geschwisterpreis: <strong>EUR 220,&#8211;<\/strong><\/p><\/li><\/ul><\/li><\/ul><div>\u00a0<\/div><p class=\"\" data-start=\"883\" data-end=\"922\"><strong data-start=\"883\" data-end=\"920\">\ud83e\udd88 Paket 2: Haie Intensivtraining<\/strong><\/p><ul><li style=\"list-style-type: none;\"><ul data-start=\"923\" data-end=\"1068\"><li class=\"\" data-start=\"923\" data-end=\"955\"><p class=\"\" data-start=\"925\" data-end=\"955\">36 Einheiten (2 x pro Woche)<\/p><\/li><li class=\"\" data-start=\"956\" data-end=\"1007\"><p class=\"\" data-start=\"958\" data-end=\"1007\">Professionelles Training mit der Tennisschule Moitzi<\/p><\/li><li class=\"\" data-start=\"1008\" data-end=\"1033\"><p class=\"\" data-start=\"1010\" data-end=\"1033\">Preis: <strong>EUR 420,&#8211;<\/strong><\/p><\/li><li class=\"\" data-start=\"1034\" data-end=\"1068\"><p class=\"\" data-start=\"1036\" data-end=\"1068\">Geschwisterpreis: <strong>EUR 380,&#8211;<\/strong><\/p><\/li><\/ul><\/li><\/ul>\t\t\t\t\t\t\t\t<\/div>\n\t\t\t\t<\/div>\n\t\t\t\t<\/div>\n\t\t<div class=\"elementor-element elementor-element-4bed5b18 e-con-full elementor-hidden-mobile e-flex e-con e-child\" data-id=\"4bed5b18\" data-element_type=\"container\" data-e-type=\"container\">\n\t\t\t\t<\/div>\n\t\t\t\t<\/div>\n\t\t<div class=\"elementor-element elementor-element-d490994 e-flex e-con-boxed e-con e-parent\" data-id=\"d490994\" data-element_type=\"container\" data-e-type=\"container\" data-settings=\"{&quot;background_background&quot;:&quot;classic&quot;}\">\n\t\t\t\t\t<div class=\"e-con-inner\">\n\t\t\t\t<div class=\"elementor-element elementor-element-da563d3 elementor-widget elementor-widget-spacer\" data-id=\"da563d3\" data-element_type=\"widget\" data-e-type=\"widget\" data-widget_type=\"spacer.default\">\n\t\t\t\t<div class=\"elementor-widget-container\">\n\t\t\t\t\t\t\t<div class=\"elementor-spacer\">\n\t\t\t<div class=\"elementor-spacer-inner\"><\/div>\n\t\t<\/div>\n\t\t\t\t\t\t<\/div>\n\t\t\t\t<\/div>\n\t\t\t\t\t<\/div>\n\t\t\t\t<\/div>\n\t\t\t\t<\/div>\n\t\t","protected":false},"excerpt":{"rendered":"<p>HAIE &#8211; Training Willkommen beim HAIE Trainingsprogramm 2026! Auch im Jahr 2026 setzen wir unser erfolgreiches HAIE Trainingskonzept f\u00fcr tennisbegeisterte Nachwuchstalente bis 18 Jahre fort \u2013 mit frischem Schwung und bew\u00e4hrter Qualit\u00e4t! In Zusammenarbeit mit der Tennisschule Moitzi bieten wir wieder zwei ma\u00dfgeschneiderte Trainingspakete an. Ziel ist es, Kinder und Jugendliche individuell zu f\u00f6rdern \u2013 [&hellip;]<\/p>\n","protected":false},"author":1,"featured_media":0,"parent":0,"menu_order":0,"comment_status":"closed","ping_status":"closed","template":"","meta":{"footnotes":""},"class_list":["post-18","page","type-page","status-publish","hentry"],"_links":{"self":[{"href":"https:\/\/www.tc-haiming.at\/index.php?rest_route=\/wp\/v2\/pages\/18","targetHints":{"allow":["GET"]}}],"collection":[{"href":"https:\/\/www.tc-haiming.at\/index.php?rest_route=\/wp\/v2\/pages"}],"about":[{"href":"https:\/\/www.tc-haiming.at\/index.php?rest_route=\/wp\/v2\/types\/page"}],"author":[{"embeddable":true,"href":"https:\/\/www.tc-haiming.at\/index.php?rest_route=\/wp\/v2\/users\/1"}],"replies":[{"embeddable":true,"href":"https:\/\/www.tc-haiming.at\/index.php?rest_route=%2Fwp%2Fv2%2Fcomments&post=18"}],"version-history":[{"count":5,"href":"https:\/\/www.tc-haiming.at\/index.php?rest_route=\/wp\/v2\/pages\/18\/revisions"}],"predecessor-version":[{"id":1720,"href":"https:\/\/www.tc-haiming.at\/index.php?rest_route=\/wp\/v2\/pages\/18\/revisions\/1720"}],"wp:attachment":[{"href":"https:\/\/www.tc-haiming.at\/index.php?rest_route=%2Fwp%2Fv2%2Fmedia&parent=18"}],"curies":[{"name":"wp","href":"https:\/\/api.w.org\/{rel}","templated":true}]}}