{"id":15,"date":"2025-02-06T07:27:27","date_gmt":"2025-02-06T06:27:27","guid":{"rendered":"https:\/\/www.tc-haiming.at\/?page_id=15"},"modified":"2026-02-19T11:56:21","modified_gmt":"2026-02-19T10:56:21","slug":"mitglied-werden","status":"publish","type":"page","link":"https:\/\/www.tc-haiming.at\/?page_id=15","title":{"rendered":"Mitglied werden"},"content":{"rendered":"\t\t<div data-elementor-type=\"wp-page\" data-elementor-id=\"15\" class=\"elementor elementor-15\" data-elementor-post-type=\"page\">\n\t\t\t\t<div class=\"elementor-element elementor-element-5fc5ac9e e-flex e-con-boxed e-con e-parent\" data-id=\"5fc5ac9e\" data-element_type=\"container\" data-e-type=\"container\" data-settings=\"{&quot;background_background&quot;:&quot;classic&quot;}\">\n\t\t\t\t\t<div class=\"e-con-inner\">\n\t\t\t\t<div class=\"elementor-element elementor-element-298cebad elementor-widget elementor-widget-heading\" data-id=\"298cebad\" data-element_type=\"widget\" data-e-type=\"widget\" data-widget_type=\"heading.default\">\n\t\t\t\t<div class=\"elementor-widget-container\">\n\t\t\t\t\t<h2 class=\"elementor-heading-title elementor-size-default\">Mitglied werden<\/h2>\t\t\t\t<\/div>\n\t\t\t\t<\/div>\n\t\t\t\t\t<\/div>\n\t\t\t\t<\/div>\n\t\t<div class=\"elementor-element elementor-element-316e9ca e-flex e-con-boxed e-con e-parent\" data-id=\"316e9ca\" data-element_type=\"container\" data-e-type=\"container\">\n\t\t\t\t\t<div class=\"e-con-inner\">\n\t\t\t\t<div class=\"elementor-element elementor-element-d291aa5 elementor-widget elementor-widget-spacer\" data-id=\"d291aa5\" data-element_type=\"widget\" data-e-type=\"widget\" data-widget_type=\"spacer.default\">\n\t\t\t\t<div class=\"elementor-widget-container\">\n\t\t\t\t\t\t\t<div class=\"elementor-spacer\">\n\t\t\t<div class=\"elementor-spacer-inner\"><\/div>\n\t\t<\/div>\n\t\t\t\t\t\t<\/div>\n\t\t\t\t<\/div>\n\t\t\t\t\t<\/div>\n\t\t\t\t<\/div>\n\t\t<div class=\"elementor-element elementor-element-2b178419 e-con-full e-flex e-con e-parent\" data-id=\"2b178419\" data-element_type=\"container\" data-e-type=\"container\">\n\t\t<div class=\"elementor-element elementor-element-d2e2dc7 e-con-full elementor-hidden-mobile e-flex e-con e-child\" data-id=\"d2e2dc7\" data-element_type=\"container\" data-e-type=\"container\">\n\t\t\t\t<\/div>\n\t\t<div class=\"elementor-element elementor-element-10088dde e-con-full e-flex e-con e-child\" data-id=\"10088dde\" data-element_type=\"container\" data-e-type=\"container\" data-settings=\"{&quot;background_background&quot;:&quot;classic&quot;}\">\n\t\t\t\t<div class=\"elementor-element elementor-element-190eecc elementor-widget elementor-widget-image\" data-id=\"190eecc\" data-element_type=\"widget\" data-e-type=\"widget\" data-widget_type=\"image.default\">\n\t\t\t\t<div class=\"elementor-widget-container\">\n\t\t\t\t\t\t\t\t\t\t\t\t\t\t\t<img fetchpriority=\"high\" decoding=\"async\" width=\"800\" height=\"450\" src=\"https:\/\/www.tc-haiming.at\/wp-content\/uploads\/2025\/02\/iStock-2172648092-1024x576.jpg\" class=\"attachment-large size-large wp-image-723\" alt=\"\" srcset=\"https:\/\/www.tc-haiming.at\/wp-content\/uploads\/2025\/02\/iStock-2172648092-1024x576.jpg 1024w, https:\/\/www.tc-haiming.at\/wp-content\/uploads\/2025\/02\/iStock-2172648092-300x169.jpg 300w, https:\/\/www.tc-haiming.at\/wp-content\/uploads\/2025\/02\/iStock-2172648092-768x432.jpg 768w, https:\/\/www.tc-haiming.at\/wp-content\/uploads\/2025\/02\/iStock-2172648092-1536x864.jpg 1536w, https:\/\/www.tc-haiming.at\/wp-content\/uploads\/2025\/02\/iStock-2172648092-2048x1152.jpg 2048w\" sizes=\"(max-width: 800px) 100vw, 800px\" \/>\t\t\t\t\t\t\t\t\t\t\t\t\t\t\t<\/div>\n\t\t\t\t<\/div>\n\t\t\t\t<\/div>\n\t\t<div class=\"elementor-element elementor-element-4211ee60 e-con-full e-flex e-con e-child\" data-id=\"4211ee60\" data-element_type=\"container\" data-e-type=\"container\">\n\t\t\t\t<div class=\"elementor-element elementor-element-e291165 elementor-widget elementor-widget-heading\" data-id=\"e291165\" data-element_type=\"widget\" data-e-type=\"widget\" data-widget_type=\"heading.default\">\n\t\t\t\t<div class=\"elementor-widget-container\">\n\t\t\t\t\t<h5 class=\"elementor-heading-title elementor-size-default\">\ud83c\udfbe Werde Mitglied beim TC Haiming \ud83c\udfbe<br>\nSei dabei! <\/h5>\t\t\t\t<\/div>\n\t\t\t\t<\/div>\n\t\t\t\t<div class=\"elementor-element elementor-element-3c76827b elementor-widget elementor-widget-text-editor\" data-id=\"3c76827b\" data-element_type=\"widget\" data-e-type=\"widget\" data-widget_type=\"text-editor.default\">\n\t\t\t\t<div class=\"elementor-widget-container\">\n\t\t\t\t\t\t\t\t\t<p data-start=\"57\" data-end=\"360\">Du m\u00f6chtest ein Teil des <strong data-start=\"82\" data-end=\"96\">TC Haiming<\/strong> werden und unsere Pl\u00e4tze sowie viele weitere Vorteile nutzen? Dann melde dich ganz einfach an! Klicke auf den Link unten, f\u00fclle das <strong data-start=\"229\" data-end=\"250\">Mitgliedsformular<\/strong> aus und sende es anschlie\u00dfend an unseren Schriftf\u00fchrer <strong data-start=\"306\" data-end=\"323\">Manfred Ruetz<\/strong> (Kontakt: siehe Telefon &amp; E-Mail).<\/p><p data-start=\"362\" data-end=\"525\" data-is-last-node=\"\">Hast du noch Fragen? Manfred steht dir gerne f\u00fcr alle Infos rund um die Mitgliedschaft zur Verf\u00fcgung. Wir freuen uns darauf, dich bald auf dem Platz zu sehen! \ud83c\udfc6\ud83d\ude0a<\/p>\t\t\t\t\t\t\t\t<\/div>\n\t\t\t\t<\/div>\n\t\t\t\t<div class=\"elementor-element elementor-element-c9da806 elementor-align-center elementor-widget elementor-widget-button\" data-id=\"c9da806\" data-element_type=\"widget\" data-e-type=\"widget\" data-widget_type=\"button.default\">\n\t\t\t\t<div class=\"elementor-widget-container\">\n\t\t\t\t\t\t\t\t\t<div class=\"elementor-button-wrapper\">\n\t\t\t\t\t<a class=\"elementor-button elementor-button-link elementor-size-sm\" href=\"https:\/\/www.tc-haiming.at\/wp-content\/uploads\/2026\/02\/Anmeldeformular-TC-Raiba-Haiming2026.pdf\" target=\"_blank\">\n\t\t\t\t\t\t<span class=\"elementor-button-content-wrapper\">\n\t\t\t\t\t\t\t\t\t<span class=\"elementor-button-text\">Download<\/span>\n\t\t\t\t\t<\/span>\n\t\t\t\t\t<\/a>\n\t\t\t\t<\/div>\n\t\t\t\t\t\t\t\t<\/div>\n\t\t\t\t<\/div>\n\t\t\t\t<\/div>\n\t\t<div class=\"elementor-element elementor-element-60faccb0 e-con-full elementor-hidden-mobile e-flex e-con e-child\" data-id=\"60faccb0\" data-element_type=\"container\" data-e-type=\"container\">\n\t\t\t\t<\/div>\n\t\t\t\t<\/div>\n\t\t<div class=\"elementor-element elementor-element-86e9d5f e-flex e-con-boxed e-con e-parent\" data-id=\"86e9d5f\" data-element_type=\"container\" data-e-type=\"container\">\n\t\t\t\t\t<div class=\"e-con-inner\">\n\t\t\t\t<div class=\"elementor-element elementor-element-d54cd23 elementor-widget elementor-widget-spacer\" data-id=\"d54cd23\" data-element_type=\"widget\" data-e-type=\"widget\" data-widget_type=\"spacer.default\">\n\t\t\t\t<div class=\"elementor-widget-container\">\n\t\t\t\t\t\t\t<div class=\"elementor-spacer\">\n\t\t\t<div class=\"elementor-spacer-inner\"><\/div>\n\t\t<\/div>\n\t\t\t\t\t\t<\/div>\n\t\t\t\t<\/div>\n\t\t\t\t\t<\/div>\n\t\t\t\t<\/div>\n\t\t<div class=\"elementor-element elementor-element-d3963ed e-flex e-con-boxed e-con e-parent\" data-id=\"d3963ed\" data-element_type=\"container\" data-e-type=\"container\" data-settings=\"{&quot;background_background&quot;:&quot;classic&quot;}\">\n\t\t\t\t\t<div class=\"e-con-inner\">\n\t\t\t\t<div class=\"elementor-element elementor-element-a7de123 elementor-widget elementor-widget-spacer\" data-id=\"a7de123\" data-element_type=\"widget\" data-e-type=\"widget\" data-widget_type=\"spacer.default\">\n\t\t\t\t<div class=\"elementor-widget-container\">\n\t\t\t\t\t\t\t<div class=\"elementor-spacer\">\n\t\t\t<div class=\"elementor-spacer-inner\"><\/div>\n\t\t<\/div>\n\t\t\t\t\t\t<\/div>\n\t\t\t\t<\/div>\n\t\t\t\t\t<\/div>\n\t\t\t\t<\/div>\n\t\t<div class=\"elementor-element elementor-element-b4cf4c8 e-flex e-con-boxed e-con e-parent\" data-id=\"b4cf4c8\" data-element_type=\"container\" data-e-type=\"container\" data-settings=\"{&quot;background_background&quot;:&quot;classic&quot;}\">\n\t\t\t\t\t<div class=\"e-con-inner\">\n\t\t<div class=\"elementor-element elementor-element-d44c79f e-con-full elementor-hidden-mobile e-flex e-con e-child\" data-id=\"d44c79f\" data-element_type=\"container\" data-e-type=\"container\">\n\t\t\t\t<\/div>\n\t\t<div class=\"elementor-element elementor-element-bd90f9b e-con-full e-flex e-con e-child\" data-id=\"bd90f9b\" data-element_type=\"container\" data-e-type=\"container\">\n\t\t\t\t<div class=\"elementor-element elementor-element-90e8ce5 elementor-widget elementor-widget-heading\" data-id=\"90e8ce5\" data-element_type=\"widget\" data-e-type=\"widget\" data-widget_type=\"heading.default\">\n\t\t\t\t<div class=\"elementor-widget-container\">\n\t\t\t\t\t<h2 class=\"elementor-heading-title elementor-size-default\">Mitgliedsbeitrag 2026<\/h2>\t\t\t\t<\/div>\n\t\t\t\t<\/div>\n\t\t\t\t<div class=\"elementor-element elementor-element-9e2b471 elementor-widget elementor-widget-shortcode\" data-id=\"9e2b471\" data-element_type=\"widget\" data-e-type=\"widget\" data-widget_type=\"shortcode.default\">\n\t\t\t\t<div class=\"elementor-widget-container\">\n\t\t\t\t\t\t\t<div class=\"elementor-shortcode\">\n<table id=\"tablepress-1\" class=\"tablepress tablepress-id-1 tbody-has-connected-cells\">\n<tbody class=\"row-striping row-hover\">\n<tr class=\"row-1\">\n\t<td class=\"column-1\">Erwachsene<\/td><td class=\"column-2\">EUR 130,-<\/td>\n<\/tr>\n<tr class=\"row-2\">\n\t<td class=\"column-1\">Weitere Familienmitglieder (vollj\u00e4hrig)<\/td><td class=\"column-2\">EUR 85,-<\/td>\n<\/tr>\n<tr class=\"row-3\">\n\t<td class=\"column-1\">Lehrlinge \/ Studenten \/ Sch\u00fcler ab 17. Lebensjahr<\/td><td class=\"column-2\">EUR 60,-<\/td>\n<\/tr>\n<tr class=\"row-4\">\n\t<td class=\"column-1\">Kinder \/ Jugendliche (bis zum 16. Lebensjahr)<\/td><td class=\"column-2\">EUR 20,-<\/td>\n<\/tr>\n<tr class=\"row-5\">\n\t<td class=\"column-1\">Lizenzkostenbeitrag f\u00fcr Meisterschaftsspieler<\/td><td class=\"column-2\">EUR 20,-<\/td>\n<\/tr>\n<tr class=\"row-6\">\n\t<td colspan=\"2\" class=\"column-1\"><strong>Neumitglieder<\/strong><\/td>\n<\/tr>\n<tr class=\"row-7\">\n\t<td class=\"column-1\">Erwachsene (Neumitglied)<\/td><td class=\"column-2\">EUR 65,-<\/td>\n<\/tr>\n<tr class=\"row-8\">\n\t<td class=\"column-1\">Weitere Familienmitglieder (vollj\u00e4hrig - Neumitglied)<\/td><td class=\"column-2\">EUR 42,50-<\/td>\n<\/tr>\n<tr class=\"row-9\">\n\t<td class=\"column-1\">Lehrlinge \/ Studenten \/ Sch\u00fcler ab 17. Lebensjahr - Neumitglied<\/td><td class=\"column-2\">EUR 30,-<\/td>\n<\/tr>\n<\/tbody>\n<\/table>\n<!-- #tablepress-1 from cache --><\/div>\n\t\t\t\t\t\t<\/div>\n\t\t\t\t<\/div>\n\t\t\t\t<\/div>\n\t\t<div class=\"elementor-element elementor-element-3c3ad2a e-con-full elementor-hidden-mobile e-flex e-con e-child\" data-id=\"3c3ad2a\" data-element_type=\"container\" data-e-type=\"container\">\n\t\t\t\t<\/div>\n\t\t\t\t\t<\/div>\n\t\t\t\t<\/div>\n\t\t<div class=\"elementor-element elementor-element-0be7ed6 e-flex e-con-boxed e-con e-parent\" data-id=\"0be7ed6\" data-element_type=\"container\" data-e-type=\"container\" data-settings=\"{&quot;background_background&quot;:&quot;classic&quot;}\">\n\t\t\t\t\t<div class=\"e-con-inner\">\n\t\t\t\t<div class=\"elementor-element elementor-element-28c8724 elementor-widget elementor-widget-spacer\" data-id=\"28c8724\" data-element_type=\"widget\" data-e-type=\"widget\" data-widget_type=\"spacer.default\">\n\t\t\t\t<div class=\"elementor-widget-container\">\n\t\t\t\t\t\t\t<div class=\"elementor-spacer\">\n\t\t\t<div class=\"elementor-spacer-inner\"><\/div>\n\t\t<\/div>\n\t\t\t\t\t\t<\/div>\n\t\t\t\t<\/div>\n\t\t\t\t\t<\/div>\n\t\t\t\t<\/div>\n\t\t\t\t<\/div>\n\t\t","protected":false},"excerpt":{"rendered":"<p>Mitglied werden \ud83c\udfbe Werde Mitglied beim TC Haiming \ud83c\udfbe Sei dabei! Du m\u00f6chtest ein Teil des TC Haiming werden und unsere Pl\u00e4tze sowie viele weitere Vorteile nutzen? Dann melde dich ganz einfach an! Klicke auf den Link unten, f\u00fclle das Mitgliedsformular aus und sende es anschlie\u00dfend an unseren Schriftf\u00fchrer Manfred Ruetz (Kontakt: siehe Telefon &amp; [&hellip;]<\/p>\n","protected":false},"author":1,"featured_media":0,"parent":0,"menu_order":0,"comment_status":"closed","ping_status":"closed","template":"","meta":{"footnotes":""},"class_list":["post-15","page","type-page","status-publish","hentry"],"_links":{"self":[{"href":"https:\/\/www.tc-haiming.at\/index.php?rest_route=\/wp\/v2\/pages\/15","targetHints":{"allow":["GET"]}}],"collection":[{"href":"https:\/\/www.tc-haiming.at\/index.php?rest_route=\/wp\/v2\/pages"}],"about":[{"href":"https:\/\/www.tc-haiming.at\/index.php?rest_route=\/wp\/v2\/types\/page"}],"author":[{"embeddable":true,"href":"https:\/\/www.tc-haiming.at\/index.php?rest_route=\/wp\/v2\/users\/1"}],"replies":[{"embeddable":true,"href":"https:\/\/www.tc-haiming.at\/index.php?rest_route=%2Fwp%2Fv2%2Fcomments&post=15"}],"version-history":[{"count":5,"href":"https:\/\/www.tc-haiming.at\/index.php?rest_route=\/wp\/v2\/pages\/15\/revisions"}],"predecessor-version":[{"id":1709,"href":"https:\/\/www.tc-haiming.at\/index.php?rest_route=\/wp\/v2\/pages\/15\/revisions\/1709"}],"wp:attachment":[{"href":"https:\/\/www.tc-haiming.at\/index.php?rest_route=%2Fwp%2Fv2%2Fmedia&parent=15"}],"curies":[{"name":"wp","href":"https:\/\/api.w.org\/{rel}","templated":true}]}}