{"id":1032,"date":"2025-03-24T13:15:02","date_gmt":"2025-03-24T12:15:02","guid":{"rendered":"https:\/\/www.tc-haiming.at\/?page_id=1032"},"modified":"2025-04-09T13:34:04","modified_gmt":"2025-04-09T11:34:04","slug":"impressum-datenschutz","status":"publish","type":"page","link":"https:\/\/www.tc-haiming.at\/?page_id=1032","title":{"rendered":"Impressum \/ Datenschutz"},"content":{"rendered":"\t\t<div data-elementor-type=\"wp-page\" data-elementor-id=\"1032\" class=\"elementor elementor-1032\" data-elementor-post-type=\"page\">\n\t\t\t\t<div class=\"elementor-element elementor-element-5759dd70 e-flex e-con-boxed e-con e-parent\" data-id=\"5759dd70\" data-element_type=\"container\" data-e-type=\"container\" data-settings=\"{&quot;background_background&quot;:&quot;classic&quot;}\">\n\t\t\t\t\t<div class=\"e-con-inner\">\n\t\t\t\t<div class=\"elementor-element elementor-element-2dd1d5b9 elementor-widget elementor-widget-heading\" data-id=\"2dd1d5b9\" data-element_type=\"widget\" data-e-type=\"widget\" data-widget_type=\"heading.default\">\n\t\t\t\t<div class=\"elementor-widget-container\">\n\t\t\t\t\t<h2 class=\"elementor-heading-title elementor-size-default\">Impressum | Datenschutz<\/h2>\t\t\t\t<\/div>\n\t\t\t\t<\/div>\n\t\t\t\t\t<\/div>\n\t\t\t\t<\/div>\n\t\t<div class=\"elementor-element elementor-element-5e57b51 e-flex e-con-boxed e-con e-parent\" data-id=\"5e57b51\" data-element_type=\"container\" data-e-type=\"container\">\n\t\t\t\t\t<div class=\"e-con-inner\">\n\t\t\t\t<div class=\"elementor-element elementor-element-37fa642 elementor-widget elementor-widget-spacer\" data-id=\"37fa642\" data-element_type=\"widget\" data-e-type=\"widget\" data-widget_type=\"spacer.default\">\n\t\t\t\t<div class=\"elementor-widget-container\">\n\t\t\t\t\t\t\t<div class=\"elementor-spacer\">\n\t\t\t<div class=\"elementor-spacer-inner\"><\/div>\n\t\t<\/div>\n\t\t\t\t\t\t<\/div>\n\t\t\t\t<\/div>\n\t\t\t\t\t<\/div>\n\t\t\t\t<\/div>\n\t\t<div class=\"elementor-element elementor-element-d87efca e-flex e-con-boxed e-con e-parent\" data-id=\"d87efca\" data-element_type=\"container\" data-e-type=\"container\">\n\t\t\t\t\t<div class=\"e-con-inner\">\n\t\t\t\t<div class=\"elementor-element elementor-element-024e37b elementor-widget elementor-widget-text-editor\" data-id=\"024e37b\" data-element_type=\"widget\" data-e-type=\"widget\" data-widget_type=\"text-editor.default\">\n\t\t\t\t<div class=\"elementor-widget-container\">\n\t\t\t\t\t\t\t\t\t<h3>Haftungsausschluss und Datenschutzerkl\u00e4rung<\/h3><p>\u00a0<\/p><p><span style=\"font-size: 16px;\">Der Schutz Ihrer Daten ist uns wichtig. Wir wollen Sie daher an dieser Stelle dar\u00fcber informieren, welche personenbezogenen Daten wir in unserem Verein zu welchem Zweck verarbeiten.\u00a0<\/span><\/p><p>\u00a0<\/p><div><h3><b>1. <\/b><b>Ihre Mitgliedschaft im Verein<\/b><\/h3><\/div><p class=\"bodytext\">Als Mitglied unseres Vereins, schlie\u00dfen Sie mit uns einen\u00a0Mitgliedschaftsvertrag\u00a0ab. Zum Zwecke der Erf\u00fcllung der Vereinsaufgaben gem\u00e4\u00df unseren Vereinsstatuten verarbeiten wir von Ihnen folgende personenbezogene Daten:<\/p><ul><li>Name<\/li><li>Anschrift<\/li><li>E-Mail-Adresse<\/li><li>Geburtsdatum<\/li><li>Telefonnummer<\/li><\/ul><p>\u00a0<\/p><article><p class=\"bodytext\">Gem\u00e4\u00df den Statuten des \u00d6sterreichischen Tennisverbands (\u00d6TV) sowie des Tiroler Tennisverbands (TTV) sind Sie als Mitglied unseres Vereins auch au\u00dferordentliches Mitglied des \u00d6TV sowie des TTV. Zu diesem Zwecke werden Ihre Daten \u00fcber das vom \u00d6TV und dem TTV betriebene Datenverwaltungssystem nuLiga auch an den \u00d6TV bzw. den TTV \u00fcbermittelt.<\/p><p class=\"bodytext\">Ihre Daten werden f\u00fcr die Dauer der Mitgliedschaft bei uns gespeichert. F\u00fcr den Fall Ihres Austritts aus dem Verein werden Ihre Daten zur Erf\u00fcllung unserer gesetzlichen Aufbewahrungspflicht f\u00fcr die Dauer von 7 Jahren gespeichert. \u00a0<\/p><p>\u00a0<\/p><\/article><h3><b>2. <\/b><b>Ihre Teilnahme an unseren Veranstaltungen<\/b><\/h3><article><p class=\"bodytext\">Als Teilnehmer an Veranstaltungen und Wettbewerben unseres Vereins werden Ihre personenbezogenen Daten, soweit diese f\u00fcr die\u00a0Leistungs-\/Ergebniserfassung bzw. das Ergebnismanagement\u00a0im Zusammenhang mit der Anmeldung oder Teilnahme an den Veranstaltungen oder Wettk\u00e4mpfen erforderlich sind, gespeichert.\u00a0<\/p><p class=\"bodytext\">Nachdem es ein\u00a0\u00f6ffentliches Interesse an der Verarbeitung, Ver\u00f6ffentlichung und Archivierung von\u00a0Sportergebnissen\u00a0aller Klassen gibt, werden diese Ergebnisse von uns bzw. vom \u00d6TV oder dem TTV gespeichert und \u00f6ffentlich zug\u00e4nglich gemacht.\u00a0<\/p><p class=\"bodytext\">Wir d\u00fcrfen Sie dar\u00fcber hinaus informieren, dass im Rahmen unserer Vereinsveranstaltungen und Wettbewerbe m\u00f6glicherweise\u00a0Fotografien und\/oder Filme\u00a0erstellt werden. Diese Aufnahmen k\u00f6nnen in verschiedenen Medien (Print, TV, Online) und in Publikationen (Print, Online) unseres Vereins, des \u00d6TV oder des TTV Verwendung finden. \u00a0<\/p><p>\u00a0<\/p><\/article><h3><b>3. <\/b><b>Ihr Besuch auf<\/b><b> unserer Website<\/b><\/h3><article><p class=\"bodytext\">Der Verein ist f\u00fcr die inhaltliche Gestaltung der Website verantwortlich und ist sowohl Medieninhaber als auch Herausgeber.\u00a0<\/p><p class=\"bodytext\">Im Zuge Ihres Besuchs unserer Website werden wir\u00a0folgende Informationen\u00a0erheben<\/p><\/article><ul><li>Das Datum und die Uhrzeit des Aufrufs unserer Website<\/li><li>Name und Version Ihres Webbrowsers<\/li><li>Und jene Informationen, die Sie selbst durch Anschrift \u00fcber unser Kontakt-Emailadresse zur Verf\u00fcgung stellen.<\/li><\/ul><article><p class=\"bodytext\">Diese Daten werden zu folgenden Zwecken verarbeitet:<\/p><\/article><ul><li>um Ihnen diese Website zur Verf\u00fcgung zu stellen,\u00a0<\/li><li>diese Website weiter zu verbessern und zu entwickeln sowie\u00a0<\/li><li>um auf Ihre Anfragen zu antworten.<\/li><\/ul><article><p class=\"bodytext\">Wenn Sie auf dieser Website personenbezogene Daten eingeben, erteilen Sie uns mit der Eingabe Ihrer Daten die Zustimmung, dass wir diese Daten zum angegebenen Zweck elektronisch verwenden d\u00fcrfen. Diese Daten werden sicher verwahrt und nicht an Dritte weitergegeben. Davon ausgenommen ist die Weitergabe an staatliche Beh\u00f6rden, sofern der Verein gesetzlich dazu verpflichtet ist.<\/p><p class=\"bodytext\">Es besteht keine Verpflichtung, jene Daten, um deren Angabe wir Sie auf unserer Website bitten, tats\u00e4chlich anzugeben. Wenn Sie dies jedoch nicht tun, wird es Ihnen nicht m\u00f6glich sein, alle Funktionen der Website zu nutzen.\u00a0<\/p><p>\u00a0<\/p><\/article><h3><b>4. <\/b><b>Rechtsgrundlagen der Verarbeitung<\/b><\/h3><article><article><p class=\"bodytext\">Die rechtliche Grundlage f\u00fcr die Verarbeitung Ihrer personenbezogenen Daten erfolgt aufgrund Ihres Mitgliedschaftsverh\u00e4ltnisses, Ihrer Teilnahme an Wettbewerben f\u00fcr unseren Verein (Mannschaftbewerbe), Ihrer Teilnahme an unseren Veranstaltungen, Ihres Besuchs auf unserer Website bzw. liegt sonst in unserem berechtigten Interesse gem\u00e4\u00df DSGVO, welches darin besteht, die oben unter Punkt 1.-3. genannten Zwecke zu erreichen.<\/p><p>\u00a0<\/p><\/article><\/article><h3><b>5. <\/b><b>Cookies<\/b><\/h3><article><article><\/article><\/article><article><p class=\"bodytext\">Auf dieser Website werden sogenannte Cookies verwendet. Ein Cookie ist eine Datei, die auf Ihrem Computer gespeichert werden kann, wie Sie eine Website besuchen. Grunds\u00e4tzlich werden Cookies verwendet, um Nutzern zus\u00e4tzliche Funktionen auf einer Website zu bieten. Sie k\u00f6nnen zum Beispiel verwendet werden, um Ihnen die Navigation auf der Website zu erleichtern, es Ihnen zu erm\u00f6glichen, eine Website dort weiter zu verwenden, wie Sie sie verlassen haben und \/oder Ihre Pr\u00e4ferenzen und Einstellungen zu speichern, wenn Sie die Website wieder besuchen. Cookies k\u00f6nnen auf keine anderen Daten auf Ihrem Computer zugreifen, diese lesen oder ver\u00e4ndern.\u00a0<\/p><p class=\"bodytext\">Wenn Sie Cookies nicht akzeptieren m\u00f6chten, \u00e4ndern Sie bitte Ihre Browsereinstellung entsprechend. Beachten Sie, dass dadurch Funktionalit\u00e4ten der Website eingeschr\u00e4nkt werden k\u00f6nnen.\u00a0<\/p><p>\u00a0<\/p><\/article><article><h3><b>6. <\/b><b>\u00dcbermittlung Ihrer personenbezogenen Daten an Dritte<\/b><\/h3><\/article><article><p class=\"bodytext\">Wir setzen zur sicheren Verarbeitung Ihrer personenbezogenen Daten sowie auf unserer Website auch Programme und Tools von Drittanbietern ein, mit welchen wir Auftragsverarbeiter-vereinbarungen abgeschlossen und damit sichergestellt haben, dass auch diese den Schutz Ihrer personenbezogenen Daten im Sinne der DSGVO gew\u00e4hrleisten. Dies betrifft folgende Anbieter:<\/p><\/article><ul><li>world4you als Hoster unserer Website<\/li><li>platzhalter.cc als das verwendete Reservierungssystem<\/li><\/ul><p>\u00a0<\/p><h3><b>7. <\/b><b>Ihre Rechte im Zusammenhang mit Ihren personenbezogenen Daten<\/b><\/h3><article><article><p class=\"bodytext\">Ihnen stehen grunds\u00e4tzlich die Rechte auf Auskunft, Berichtigung, L\u00f6schung, Einschr\u00e4nkung, Daten\u00fcbertragbarkeit und Widerspruch zu. Daf\u00fcr wenden Sie sich an uns.<\/p><\/article><\/article><ul><li>TC Raiba Haiming<\/li><li>zH. Obmann Markus Zoller, Vogeltennen 2, 6425 Haiming<\/li><li>bzw. Obmann Martin Riess, Au-Siedlung 4\/1, 6425 Haiming<\/li><li><a>office(at)tc-haiming.at<\/a><\/li><\/ul><p>\u00a0<\/p><article><p class=\"bodytext\">Wenn Sie der Meinung sind, dass die Verarbeitung Ihrer Daten gegen das Datenschutzrecht verst\u00f6\u00dft oder Ihre datenschutzrechtlichen Anspr\u00fcche sonst in einer Weise verletzt worden sind, haben Sie die M\u00f6glichkeit sich an die Datenschutzbeh\u00f6rde zu wenden.<\/p><p>\u00a0<\/p><\/article><h3><b>8. <\/b><b>Urheberrecht<\/b><\/h3><article><article><p class=\"bodytext\">Der Autor ist bestrebt, in allen Publikationen die Urheberrechte der verwendeten Grafiken, Tondokumente, Videosequenzen und Texte zu beachten, von ihm selbst erstellte Grafiken, Tondokumente, Videosequenzen und Texte zu nutzen oder auf lizenzfreie Grafiken, Tondokumente, Videosequenzen und Texte zur\u00fcckzugreifen. Alle innerhalb des Internetangebotes genannten und ggf. durch Dritte gesch\u00fctzten Marken- und Warenzeichen unterliegen uneingeschr\u00e4nkt den Bestimmungen des jeweils g\u00fcltigen Kennzeichenrechts und den Besitzrechten der jeweiligen eingetragenen Eigent\u00fcmer. Allein aufgrund der blo\u00dfen Nennung ist nicht der Schluss zu ziehen, dass Markenzeichen nicht durch Rechte Dritter gesch\u00fctzt sind! Der Inhalt dieser Homepage ist urheberrechtlich gesch\u00fctzt. Die Informationen sind nur f\u00fcr die pers\u00f6nliche Verwendung bestimmt. Jede weitergehende Nutzung &#8211; insbesondere die Speicherung in Datenbanken, die Vervielf\u00e4ltigung und jede Form von gewerblicher Nutzung sowie die Weitergabe an Dritte (auch in Teilen oder in \u00fcberarbeiteter Form) &#8211; ohne Zustimmung des Vereins ist untersagt.<\/p><p>\u00a0<\/p><\/article><\/article><h3><b>9. <\/b><b>Haftungsausschluss<\/b><\/h3><article><p class=\"bodytext\">Im Hinblick auf die technischen Eigenschaften des Internets kann keine Gew\u00e4hr f\u00fcr die Authentizit\u00e4t, Richtigkeit und Vollst\u00e4ndigkeit der im Internet zur Verf\u00fcgung gestellten Informationen \u00fcbernommen werden. Weiters wird auch keine Gew\u00e4hr f\u00fcr die Verf\u00fcgbarkeit oder den Betrieb der gegenst\u00e4ndlichen Homepage und ihrer Inhalte \u00fcbernommen.<\/p><p class=\"bodytext\">Jede Haftung f\u00fcr unmittelbare, mittelbare oder sonstige Sch\u00e4den, unabh\u00e4ngig von deren Ursachen, die aus der Benutzung oder Nichtverf\u00fcgbarkeit der Daten und Informationen dieser Homepage erwachsen, wird, soweit rechtlich zul\u00e4ssig, ausgeschlossen.<\/p><p class=\"bodytext\">Der Verein weist darauf hin, dass f\u00fcr die Inhalte der Hyperlinks keine Verantwortung und keine Haftung \u00fcbernommen wird. Jede Einbindung einzelner Seiten oder sonstiger Ausz\u00fcge von www.tc-haiming.at in fremde Frames ist untersagt.<\/p><p class=\"bodytext\">Der Verein \u00fcberpr\u00fcft andere Webseiten, zu denen sich direkte Zugangsm\u00f6glichkeiten (Links) auf den Vereins-Internetseiten befinden, nicht hinsichtlich Inhalt und Gesetzm\u00e4\u00dfigkeit. Der Verein \u00fcbernimmt keinen Einfluss auf die Gestaltung dieser Webseiten und distanziert sich ausdr\u00fccklich von den dort dargestellten, allenfalls ungesetzlichen Inhalten. Der Verein \u00fcbernimmt dar\u00fcber hinaus keine Verantwortung f\u00fcr solche Inhalte und haftet f\u00fcr derartige Inhalte auch nicht.<\/p><\/article><article><p class=\"bodytext\">Sofern Teile oder einzelne Formulierungen dieses Textes der geltenden Rechtslage nicht, nicht mehr oder nicht vollst\u00e4ndig entsprechen sollten, bleiben die \u00fcbrigen Teile des Dokumentes in ihrem Inhalt und ihrer G\u00fcltigkeit davon unber\u00fchrt.\u00a0<\/p><p>\u00a0<\/p><\/article><h3><b>10.\u00a0<\/b><b>Gender<\/b><b>-Erkl\u00e4rung<\/b><\/h3><div><article><p class=\"bodytext\">Alle auf der Website des Vereins vorkommenden nicht spezifischen Geschlechtsangaben folgen dem Unisex-Prinzip und gelten somit f\u00fcr beide Geschlechter gleicherma\u00dfen.<\/p><p>\u00a0<\/p><\/article><\/div><h3>11. Inhalt des Onlineangebotes<\/h3><article><p class=\"bodytext\">Der Autor \u00fcbernimmt keinerlei Gew\u00e4hr f\u00fcr die Aktualit\u00e4t, Korrektheit, Vollst\u00e4ndigkeit oder Qualit\u00e4t der bereitgestellten Informationen. Haftungsanspr\u00fcche gegen den Autor, welche sich auf Sch\u00e4den materieller ider ideeller Art beziehen, die durch die Nutzung oder Nichtnutzung der dargebotenen Informationen bzw. durch die Nutzung fehlerhafter und unvollst\u00e4ndiger Informationen verursacht wurden sind grunds\u00e4tzlich ausgeschlossen, sofern seitens des Autors kein nachweislich vors\u00e4tzliches oder grob fahrl\u00e4ssiges Verschulden vorliegt. Alle Angebote sind freibleibend und unverbindlich. Der Autor beh\u00e4lt es sich ausdr\u00fccklich vor, Teile der Seiten oder das gesamte Angebot ohne gesonderte Ank\u00fcndigung zu ver\u00e4ndern, zu erg\u00e4nzen, zu l\u00f6schen oder die Ver\u00f6ffentlichung zeitweise oder endg\u00fcltig einzustellen.<\/p><\/article>\t\t\t\t\t\t\t\t<\/div>\n\t\t\t\t<\/div>\n\t\t\t\t\t<\/div>\n\t\t\t\t<\/div>\n\t\t<div class=\"elementor-element elementor-element-0bd2528 e-flex e-con-boxed e-con e-parent\" data-id=\"0bd2528\" data-element_type=\"container\" data-e-type=\"container\">\n\t\t\t\t\t<div class=\"e-con-inner\">\n\t\t\t\t<div class=\"elementor-element elementor-element-a2ad805 elementor-widget elementor-widget-spacer\" data-id=\"a2ad805\" data-element_type=\"widget\" data-e-type=\"widget\" data-widget_type=\"spacer.default\">\n\t\t\t\t<div class=\"elementor-widget-container\">\n\t\t\t\t\t\t\t<div class=\"elementor-spacer\">\n\t\t\t<div class=\"elementor-spacer-inner\"><\/div>\n\t\t<\/div>\n\t\t\t\t\t\t<\/div>\n\t\t\t\t<\/div>\n\t\t\t\t\t<\/div>\n\t\t\t\t<\/div>\n\t\t\t\t<\/div>\n\t\t","protected":false},"excerpt":{"rendered":"<p>Impressum | Datenschutz Haftungsausschluss und Datenschutzerkl\u00e4rung \u00a0 Der Schutz Ihrer Daten ist uns wichtig. Wir wollen Sie daher an dieser Stelle dar\u00fcber informieren, welche personenbezogenen Daten wir in unserem Verein zu welchem Zweck verarbeiten.\u00a0 \u00a0 1. Ihre Mitgliedschaft im Verein Als Mitglied unseres Vereins, schlie\u00dfen Sie mit uns einen\u00a0Mitgliedschaftsvertrag\u00a0ab. Zum Zwecke der Erf\u00fcllung der Vereinsaufgaben [&hellip;]<\/p>\n","protected":false},"author":1,"featured_media":0,"parent":0,"menu_order":0,"comment_status":"closed","ping_status":"closed","template":"","meta":{"footnotes":""},"class_list":["post-1032","page","type-page","status-publish","hentry"],"_links":{"self":[{"href":"https:\/\/www.tc-haiming.at\/index.php?rest_route=\/wp\/v2\/pages\/1032","targetHints":{"allow":["GET"]}}],"collection":[{"href":"https:\/\/www.tc-haiming.at\/index.php?rest_route=\/wp\/v2\/pages"}],"about":[{"href":"https:\/\/www.tc-haiming.at\/index.php?rest_route=\/wp\/v2\/types\/page"}],"author":[{"embeddable":true,"href":"https:\/\/www.tc-haiming.at\/index.php?rest_route=\/wp\/v2\/users\/1"}],"replies":[{"embeddable":true,"href":"https:\/\/www.tc-haiming.at\/index.php?rest_route=%2Fwp%2Fv2%2Fcomments&post=1032"}],"version-history":[{"count":5,"href":"https:\/\/www.tc-haiming.at\/index.php?rest_route=\/wp\/v2\/pages\/1032\/revisions"}],"predecessor-version":[{"id":1429,"href":"https:\/\/www.tc-haiming.at\/index.php?rest_route=\/wp\/v2\/pages\/1032\/revisions\/1429"}],"wp:attachment":[{"href":"https:\/\/www.tc-haiming.at\/index.php?rest_route=%2Fwp%2Fv2%2Fmedia&parent=1032"}],"curies":[{"name":"wp","href":"https:\/\/api.w.org\/{rel}","templated":true}]}}